{"id":89,"date":"2025-12-11T19:03:40","date_gmt":"2025-12-11T19:03:40","guid":{"rendered":"https:\/\/test.ess-balance.de\/?page_id=89"},"modified":"2026-03-31T21:16:55","modified_gmt":"2026-03-31T21:16:55","slug":"fuer-unternehmen","status":"publish","type":"page","link":"https:\/\/test.ess-balance.de\/?page_id=89","title":{"rendered":"Unternehmen"},"content":{"rendered":"<div data-colibri-id=\"89-c1\" class=\"style-620 style-local-89-c1 position-relative\">\n  <!---->\n  <div data-colibri-component=\"section\" data-colibri-id=\"89-c2\" id=\"initial-content\" class=\"h-section h-section-global-spacing d-flex align-items-lg-center align-items-md-center align-items-center style-621 style-local-89-c2 position-relative\">\n    <!---->\n    <!---->\n    <div class=\"h-section-grid-container h-section-boxed-container\">\n      <!---->\n      <div data-colibri-id=\"89-c6\" class=\"h-row-container gutters-row-lg-2 gutters-row-md-2 gutters-row-0 gutters-row-v-lg-2 gutters-row-v-md-2 gutters-row-v-2 style-625 style-local-89-c6 position-relative\">\n        <!---->\n        <div class=\"h-row justify-content-lg-center justify-content-md-center justify-content-center align-items-lg-stretch align-items-md-stretch align-items-stretch gutters-col-lg-2 gutters-col-md-2 gutters-col-0 gutters-col-v-lg-2 gutters-col-v-md-2 gutters-col-v-2\">\n          <!---->\n          <div class=\"h-column h-column-container d-flex h-col-lg-auto h-col-md-auto h-col-auto style-626-outer style-local-89-c7-outer\">\n            <div data-colibri-id=\"89-c7\" class=\"d-flex h-flex-basis h-column__inner h-px-lg-2 h-px-md-2 h-px-2 v-inner-lg-2 v-inner-md-2 v-inner-2 style-626 style-local-89-c7 position-relative\">\n              <!---->\n              <!---->\n              <div class=\"w-100 h-y-container h-column__content h-column__v-align flex-basis-100 align-self-lg-start align-self-md-start align-self-start\">\n                <!---->\n                <div data-colibri-id=\"89-c8\" class=\"d-block style-627 style-local-89-c8 position-relative h-element\">\n                  <!---->\n                  <div class=\"h-image__frame-container-outer\">\n                    <div class=\"h-image__frame-container\">\n                      <!---->\n                      <!---->\n                      <img loading=\"lazy\" decoding=\"async\" width=\"1920\" height=\"1255\" src=\"https:\/\/test.ess-balance.de\/wp-content\/uploads\/2026\/03\/essbalance_essenmachtfreude.jpg\" class=\"wp-image-377 style-627-image style-local-89-c8-image\" alt=\"\" srcset=\"https:\/\/test.ess-balance.de\/wp-content\/uploads\/2026\/03\/essbalance_essenmachtfreude.jpg 1920w, https:\/\/test.ess-balance.de\/wp-content\/uploads\/2026\/03\/essbalance_essenmachtfreude-300x196.jpg 300w, https:\/\/test.ess-balance.de\/wp-content\/uploads\/2026\/03\/essbalance_essenmachtfreude-1024x669.jpg 1024w, https:\/\/test.ess-balance.de\/wp-content\/uploads\/2026\/03\/essbalance_essenmachtfreude-768x502.jpg 768w, https:\/\/test.ess-balance.de\/wp-content\/uploads\/2026\/03\/essbalance_essenmachtfreude-1536x1004.jpg 1536w\" sizes=\"auto, (max-width: 1920px) 100vw, 1920px\" \/>\n                      <div class=\"h-image__frame h-hide-lg h-hide-md h-hide-sm style-627-frameImage style-local-89-c8-frameImage\"><\/div>\n                    <\/div>\n                  <\/div>\n                <\/div>\n              <\/div>\n            <\/div>\n          <\/div>\n        <\/div>\n      <\/div>\n      <div data-colibri-id=\"89-c3\" class=\"h-row-container gutters-row-lg-2 gutters-row-md-2 gutters-row-0 gutters-row-v-lg-2 gutters-row-v-md-2 gutters-row-v-2 style-622 style-local-89-c3 position-relative\">\n        <!---->\n        <div class=\"h-row justify-content-lg-center justify-content-md-center justify-content-center align-items-lg-stretch align-items-md-stretch align-items-stretch gutters-col-lg-2 gutters-col-md-2 gutters-col-0 gutters-col-v-lg-2 gutters-col-v-md-2 gutters-col-v-2\">\n          <!---->\n          <div class=\"h-column h-column-container d-flex h-col-lg-auto h-col-md-auto h-col-auto style-623-outer style-local-89-c4-outer\">\n            <div data-colibri-id=\"89-c4\" class=\"d-flex h-flex-basis h-column__inner h-px-lg-2 h-px-md-2 h-px-2 v-inner-lg-2 v-inner-md-2 v-inner-2 style-623 style-local-89-c4 position-relative\">\n              <!---->\n              <!---->\n              <div class=\"w-100 h-y-container h-column__content h-column__v-align flex-basis-100 align-self-lg-start align-self-md-start align-self-start\">\n                <!---->\n                <div data-colibri-id=\"89-c5\" class=\"style-624 style-local-89-c5 position-relative h-element\">\n                  <!---->\n                  <div>\n                    \n                    <p class=\"has-large-font-size\"><strong>Betriebliches Gesundheitsmanagement<\/strong><\/p>\n                    \n\n                    \n                    <figure class=\"wp-block-image size-full\">\n                      <img loading=\"lazy\" decoding=\"async\" width=\"866\" height=\"577\" src=\"https:\/\/test.ess-balance.de\/wp-content\/uploads\/2025\/12\/essbalance_pic_unternehmen.jpg\" alt=\"\" class=\"wp-image-112\" srcset=\"https:\/\/test.ess-balance.de\/wp-content\/uploads\/2025\/12\/essbalance_pic_unternehmen.jpg 866w, https:\/\/test.ess-balance.de\/wp-content\/uploads\/2025\/12\/essbalance_pic_unternehmen-300x200.jpg 300w, https:\/\/test.ess-balance.de\/wp-content\/uploads\/2025\/12\/essbalance_pic_unternehmen-768x512.jpg 768w\" sizes=\"auto, (max-width: 866px) 100vw, 866px\" \/>\n                    <\/figure>\n                    \n\n                    \n                    <p class=\"has-medium-font-size\"><strong>Gerade im Berufsalltag &#8230;<\/strong><\/p>\n                    \n\n                    \n                    <p><strong>&#8230; kommt der Blick auf die Ern\u00e4hrung oft zu kurz.<\/strong><\/p>\n                    \n\n                    \n                    <p>Zuviel Kaffee, zu wenig Fl\u00fcssigkeit, schnelles und hektisches Essen sind allt\u00e4glich und f\u00fchren oft zu Konzentrationsmangel, M\u00fcdigkeit, Leistungsabfall oder gar zu ern\u00e4hrungsbedingten Krankheiten.<\/p>\n                    \n\n                    \n                    <p>\n                      <img loading=\"lazy\" decoding=\"async\" width=\"16\" height=\"16\" src=\"https:\/\/ess-balance.de\/contao\/files\/essbalance\/content\/icon_ok.gif\" alt=\"Ess-Balance finden!\">&nbsp;Welche M\u00f6glichkeiten gibt es, um sich auch in kurzer Zeit und ohne viel Aufwand ausgewogen zu ern\u00e4hren?<\/p>\n                    \n\n                    \n                    <p>\n                      <img loading=\"lazy\" decoding=\"async\" width=\"16\" height=\"16\" src=\"https:\/\/ess-balance.de\/contao\/files\/essbalance\/content\/icon_ok.gif\" alt=\"Ess-Balance finden!\">&nbsp;Lassen sich Konzentration und Leistungskurve durch Essen und Trinken positiv beeinflussen?<\/p>\n                    \n\n                    \n                    <p>\n                      <img loading=\"lazy\" decoding=\"async\" src=\"https:\/\/ess-balance.de\/contao\/files\/essbalance\/content\/icon_ok.gif\" alt=\"Ess-Balance finden!\" width=\"16\" height=\"16\">&nbsp;Wie sieht es bei Schichtarbeit, Au\u00dfendienst und im B\u00fcro aus?<\/p>\n                    \n\n                    \n                    <div style=\"height:30px\" aria-hidden=\"true\" class=\"wp-block-spacer\"><\/div>\n                    \n\n                    \n                    <p>\n                      <img loading=\"lazy\" decoding=\"async\" width=\"73\" height=\"39\" class=\"wp-image-111\" style=\"width: 73px;\" src=\"https:\/\/test.ess-balance.de\/wp-content\/uploads\/2025\/12\/icon_hint.gif\" alt=\"\"><strong><em>Gute Ern\u00e4hrung zeigt Wirkung!<\/em><\/strong><\/p>\n                    \n\n                    \n                    <ul class=\"wp-block-list\">\n                      \n                      <li>Burnout Risiko wird minimiert<\/li>\n                      \n\n                      \n                      <li>Stresstoleranz wird erh\u00f6ht<\/li>\n                      \n\n                      \n                      <li>Die Leistungsf\u00e4higkeit wird optimiert<\/li>\n                      \n\n                      \n                      <li>Anregungen und Motivation f\u00fcr Ihre Mitarbeiter<\/li>\n                      \n\n                      \n                      <li>Senkung der Krankenst\u00e4nde<\/li>\n                      \n\n                      \n                      <li>Verbessertes Betriebsklima<\/li>\n                      \n\n                      \n                      <li>Imagegewinn nach innen und au\u00dfen<\/li>\n                      \n                    <\/ul>\n                    \n\n                    \n                    <div style=\"height:30px\" aria-hidden=\"true\" class=\"wp-block-spacer\"><\/div>\n                    \n\n                    \n                    <p class=\"has-medium-font-size\"><strong>Mein Angebot an Ihr Unternehmen:<\/strong><\/p>\n                    \n\n                    \n                    <p>\n                      <img loading=\"lazy\" decoding=\"async\" width=\"73\" height=\"39\" class=\"wp-image-110\" style=\"width: 73px;\" src=\"https:\/\/test.ess-balance.de\/wp-content\/uploads\/2025\/12\/icon_anmelden.gif\" alt=\"\"><strong>Das Rundum Ern\u00e4hrungsprogramm &#8222;kurz und kompakt&#8220;<\/strong><\/p>\n                    \n\n                    \n                    <p><\/p>\n                    \n                  <\/div>\n                <\/div>\n              <\/div>\n            <\/div>\n          <\/div>\n        <\/div>\n      <\/div>\n    <\/div>\n  <\/div>\n<\/div>","protected":false},"excerpt":{"rendered":"<p>Betriebliches Gesundheitsmanagement Gerade im Berufsalltag &#8230; &#8230; kommt der Blick auf die Ern\u00e4hrung [&hellip;]<\/p>\n","protected":false},"author":1,"featured_media":54,"parent":0,"menu_order":0,"comment_status":"closed","ping_status":"closed","template":"page-templates\/full-width-page.php","meta":{"footnotes":""},"class_list":["post-89","page","type-page","status-publish","has-post-thumbnail","hentry"],"yoast_head":"<!-- This site is optimized with the Yoast SEO plugin v27.3 - https:\/\/yoast.com\/product\/yoast-seo-wordpress\/ -->\n<title>Unternehmen - Ess-Balance - Kathleen Dippel<\/title>\n<meta name=\"robots\" content=\"index, follow, max-snippet:-1, max-image-preview:large, max-video-preview:-1\" \/>\n<link rel=\"canonical\" href=\"https:\/\/test.ess-balance.de\/?page_id=89\" \/>\n<meta property=\"og:locale\" content=\"de_DE\" \/>\n<meta property=\"og:type\" content=\"article\" \/>\n<meta property=\"og:title\" content=\"Unternehmen - Ess-Balance - Kathleen Dippel\" \/>\n<meta property=\"og:description\" content=\"Betriebliches Gesundheitsmanagement Gerade im Berufsalltag &#8230; &#8230; kommt der Blick auf die Ern\u00e4hrung [&hellip;]\" \/>\n<meta property=\"og:url\" content=\"https:\/\/test.ess-balance.de\/?page_id=89\" \/>\n<meta property=\"og:site_name\" content=\"Ess-Balance - Kathleen Dippel\" \/>\n<meta property=\"article:modified_time\" content=\"2026-03-31T21:16:55+00:00\" \/>\n<meta property=\"og:image\" content=\"https:\/\/test.ess-balance.de\/wp-content\/uploads\/2025\/12\/plant-home-workspace-office-office-space-interior-design-46936-pxhere-com.jpg\" \/>\n\t<meta property=\"og:image:width\" content=\"800\" \/>\n\t<meta property=\"og:image:height\" content=\"533\" \/>\n\t<meta property=\"og:image:type\" content=\"image\/jpeg\" \/>\n<meta name=\"twitter:card\" content=\"summary_large_image\" \/>\n<meta name=\"twitter:label1\" content=\"Gesch\u00e4tzte Lesezeit\" \/>\n\t<meta name=\"twitter:data1\" content=\"3\u00a0Minuten\" \/>\n<script type=\"application\/ld+json\" class=\"yoast-schema-graph\">{\"@context\":\"https:\\\/\\\/schema.org\",\"@graph\":[{\"@type\":\"WebPage\",\"@id\":\"https:\\\/\\\/test.ess-balance.de\\\/?page_id=89\",\"url\":\"https:\\\/\\\/test.ess-balance.de\\\/?page_id=89\",\"name\":\"Unternehmen - Ess-Balance - Kathleen Dippel\",\"isPartOf\":{\"@id\":\"https:\\\/\\\/test.ess-balance.de\\\/#website\"},\"primaryImageOfPage\":{\"@id\":\"https:\\\/\\\/test.ess-balance.de\\\/?page_id=89#primaryimage\"},\"image\":{\"@id\":\"https:\\\/\\\/test.ess-balance.de\\\/?page_id=89#primaryimage\"},\"thumbnailUrl\":\"https:\\\/\\\/test.ess-balance.de\\\/wp-content\\\/uploads\\\/2025\\\/12\\\/plant-home-workspace-office-office-space-interior-design-46936-pxhere-com.jpg\",\"datePublished\":\"2025-12-11T19:03:40+00:00\",\"dateModified\":\"2026-03-31T21:16:55+00:00\",\"breadcrumb\":{\"@id\":\"https:\\\/\\\/test.ess-balance.de\\\/?page_id=89#breadcrumb\"},\"inLanguage\":\"de\",\"potentialAction\":[{\"@type\":\"ReadAction\",\"target\":[\"https:\\\/\\\/test.ess-balance.de\\\/?page_id=89\"]}]},{\"@type\":\"ImageObject\",\"inLanguage\":\"de\",\"@id\":\"https:\\\/\\\/test.ess-balance.de\\\/?page_id=89#primaryimage\",\"url\":\"https:\\\/\\\/test.ess-balance.de\\\/wp-content\\\/uploads\\\/2025\\\/12\\\/plant-home-workspace-office-office-space-interior-design-46936-pxhere-com.jpg\",\"contentUrl\":\"https:\\\/\\\/test.ess-balance.de\\\/wp-content\\\/uploads\\\/2025\\\/12\\\/plant-home-workspace-office-office-space-interior-design-46936-pxhere-com.jpg\",\"width\":800,\"height\":533},{\"@type\":\"BreadcrumbList\",\"@id\":\"https:\\\/\\\/test.ess-balance.de\\\/?page_id=89#breadcrumb\",\"itemListElement\":[{\"@type\":\"ListItem\",\"position\":1,\"name\":\"Startseite\",\"item\":\"https:\\\/\\\/test.ess-balance.de\\\/\"},{\"@type\":\"ListItem\",\"position\":2,\"name\":\"Unternehmen\"}]},{\"@type\":\"WebSite\",\"@id\":\"https:\\\/\\\/test.ess-balance.de\\\/#website\",\"url\":\"https:\\\/\\\/test.ess-balance.de\\\/\",\"name\":\"Ess-Balance - Kathleen Dippel\",\"description\":\"\",\"publisher\":{\"@id\":\"https:\\\/\\\/test.ess-balance.de\\\/#organization\"},\"potentialAction\":[{\"@type\":\"SearchAction\",\"target\":{\"@type\":\"EntryPoint\",\"urlTemplate\":\"https:\\\/\\\/test.ess-balance.de\\\/?s={search_term_string}\"},\"query-input\":{\"@type\":\"PropertyValueSpecification\",\"valueRequired\":true,\"valueName\":\"search_term_string\"}}],\"inLanguage\":\"de\"},{\"@type\":\"Organization\",\"@id\":\"https:\\\/\\\/test.ess-balance.de\\\/#organization\",\"name\":\"Ess-Balance - Kathleen Dippel\",\"url\":\"https:\\\/\\\/test.ess-balance.de\\\/\",\"logo\":{\"@type\":\"ImageObject\",\"inLanguage\":\"de\",\"@id\":\"https:\\\/\\\/test.ess-balance.de\\\/#\\\/schema\\\/logo\\\/image\\\/\",\"url\":\"https:\\\/\\\/test.ess-balance.de\\\/wp-content\\\/uploads\\\/2026\\\/02\\\/cropped-dippel-kathleen_logo-1.png\",\"contentUrl\":\"https:\\\/\\\/test.ess-balance.de\\\/wp-content\\\/uploads\\\/2026\\\/02\\\/cropped-dippel-kathleen_logo-1.png\",\"width\":312,\"height\":85,\"caption\":\"Ess-Balance - Kathleen Dippel\"},\"image\":{\"@id\":\"https:\\\/\\\/test.ess-balance.de\\\/#\\\/schema\\\/logo\\\/image\\\/\"}}]}<\/script>\n<!-- \/ Yoast SEO plugin. -->","yoast_head_json":{"title":"Unternehmen - Ess-Balance - Kathleen Dippel","robots":{"index":"index","follow":"follow","max-snippet":"max-snippet:-1","max-image-preview":"max-image-preview:large","max-video-preview":"max-video-preview:-1"},"canonical":"https:\/\/test.ess-balance.de\/?page_id=89","og_locale":"de_DE","og_type":"article","og_title":"Unternehmen - Ess-Balance - Kathleen Dippel","og_description":"Betriebliches Gesundheitsmanagement Gerade im Berufsalltag &#8230; &#8230; kommt der Blick auf die Ern\u00e4hrung [&hellip;]","og_url":"https:\/\/test.ess-balance.de\/?page_id=89","og_site_name":"Ess-Balance - Kathleen Dippel","article_modified_time":"2026-03-31T21:16:55+00:00","og_image":[{"width":800,"height":533,"url":"https:\/\/test.ess-balance.de\/wp-content\/uploads\/2025\/12\/plant-home-workspace-office-office-space-interior-design-46936-pxhere-com.jpg","type":"image\/jpeg"}],"twitter_card":"summary_large_image","twitter_misc":{"Gesch\u00e4tzte Lesezeit":"3\u00a0Minuten"},"schema":{"@context":"https:\/\/schema.org","@graph":[{"@type":"WebPage","@id":"https:\/\/test.ess-balance.de\/?page_id=89","url":"https:\/\/test.ess-balance.de\/?page_id=89","name":"Unternehmen - Ess-Balance - Kathleen Dippel","isPartOf":{"@id":"https:\/\/test.ess-balance.de\/#website"},"primaryImageOfPage":{"@id":"https:\/\/test.ess-balance.de\/?page_id=89#primaryimage"},"image":{"@id":"https:\/\/test.ess-balance.de\/?page_id=89#primaryimage"},"thumbnailUrl":"https:\/\/test.ess-balance.de\/wp-content\/uploads\/2025\/12\/plant-home-workspace-office-office-space-interior-design-46936-pxhere-com.jpg","datePublished":"2025-12-11T19:03:40+00:00","dateModified":"2026-03-31T21:16:55+00:00","breadcrumb":{"@id":"https:\/\/test.ess-balance.de\/?page_id=89#breadcrumb"},"inLanguage":"de","potentialAction":[{"@type":"ReadAction","target":["https:\/\/test.ess-balance.de\/?page_id=89"]}]},{"@type":"ImageObject","inLanguage":"de","@id":"https:\/\/test.ess-balance.de\/?page_id=89#primaryimage","url":"https:\/\/test.ess-balance.de\/wp-content\/uploads\/2025\/12\/plant-home-workspace-office-office-space-interior-design-46936-pxhere-com.jpg","contentUrl":"https:\/\/test.ess-balance.de\/wp-content\/uploads\/2025\/12\/plant-home-workspace-office-office-space-interior-design-46936-pxhere-com.jpg","width":800,"height":533},{"@type":"BreadcrumbList","@id":"https:\/\/test.ess-balance.de\/?page_id=89#breadcrumb","itemListElement":[{"@type":"ListItem","position":1,"name":"Startseite","item":"https:\/\/test.ess-balance.de\/"},{"@type":"ListItem","position":2,"name":"Unternehmen"}]},{"@type":"WebSite","@id":"https:\/\/test.ess-balance.de\/#website","url":"https:\/\/test.ess-balance.de\/","name":"Ess-Balance - Kathleen Dippel","description":"","publisher":{"@id":"https:\/\/test.ess-balance.de\/#organization"},"potentialAction":[{"@type":"SearchAction","target":{"@type":"EntryPoint","urlTemplate":"https:\/\/test.ess-balance.de\/?s={search_term_string}"},"query-input":{"@type":"PropertyValueSpecification","valueRequired":true,"valueName":"search_term_string"}}],"inLanguage":"de"},{"@type":"Organization","@id":"https:\/\/test.ess-balance.de\/#organization","name":"Ess-Balance - Kathleen Dippel","url":"https:\/\/test.ess-balance.de\/","logo":{"@type":"ImageObject","inLanguage":"de","@id":"https:\/\/test.ess-balance.de\/#\/schema\/logo\/image\/","url":"https:\/\/test.ess-balance.de\/wp-content\/uploads\/2026\/02\/cropped-dippel-kathleen_logo-1.png","contentUrl":"https:\/\/test.ess-balance.de\/wp-content\/uploads\/2026\/02\/cropped-dippel-kathleen_logo-1.png","width":312,"height":85,"caption":"Ess-Balance - Kathleen Dippel"},"image":{"@id":"https:\/\/test.ess-balance.de\/#\/schema\/logo\/image\/"}}]}},"_links":{"self":[{"href":"https:\/\/test.ess-balance.de\/index.php?rest_route=\/wp\/v2\/pages\/89","targetHints":{"allow":["GET"]}}],"collection":[{"href":"https:\/\/test.ess-balance.de\/index.php?rest_route=\/wp\/v2\/pages"}],"about":[{"href":"https:\/\/test.ess-balance.de\/index.php?rest_route=\/wp\/v2\/types\/page"}],"author":[{"embeddable":true,"href":"https:\/\/test.ess-balance.de\/index.php?rest_route=\/wp\/v2\/users\/1"}],"replies":[{"embeddable":true,"href":"https:\/\/test.ess-balance.de\/index.php?rest_route=%2Fwp%2Fv2%2Fcomments&post=89"}],"version-history":[{"count":5,"href":"https:\/\/test.ess-balance.de\/index.php?rest_route=\/wp\/v2\/pages\/89\/revisions"}],"predecessor-version":[{"id":693,"href":"https:\/\/test.ess-balance.de\/index.php?rest_route=\/wp\/v2\/pages\/89\/revisions\/693"}],"wp:featuredmedia":[{"embeddable":true,"href":"https:\/\/test.ess-balance.de\/index.php?rest_route=\/wp\/v2\/media\/54"}],"wp:attachment":[{"href":"https:\/\/test.ess-balance.de\/index.php?rest_route=%2Fwp%2Fv2%2Fmedia&parent=89"}],"curies":[{"name":"wp","href":"https:\/\/api.w.org\/{rel}","templated":true}]}}