{"id":77,"date":"2025-12-11T17:48:08","date_gmt":"2025-12-11T17:48:08","guid":{"rendered":"https:\/\/test.ess-balance.de\/?page_id=77"},"modified":"2026-03-31T21:40:08","modified_gmt":"2026-03-31T21:40:08","slug":"fuer-einzelpersonen","status":"publish","type":"page","link":"https:\/\/test.ess-balance.de\/?page_id=77","title":{"rendered":"Einzelpersonen"},"content":{"rendered":"<div data-colibri-id=\"77-c1\" class=\"style-379 style-local-77-c1 position-relative\">\n  <!---->\n  <div data-colibri-component=\"section\" data-colibri-id=\"77-c2\" id=\"custom\" class=\"h-section h-section-global-spacing d-flex align-items-lg-center align-items-md-center align-items-center style-380 style-local-77-c2 position-relative\">\n    <!---->\n    <!---->\n    <div class=\"h-section-grid-container h-section-boxed-container\">\n      <!---->\n      <div data-colibri-id=\"77-c3\" class=\"h-row-container gutters-row-lg-2 gutters-row-md-2 gutters-row-0 gutters-row-v-lg-2 gutters-row-v-md-2 gutters-row-v-2 style-381 style-local-77-c3 position-relative\">\n        <!---->\n        <div class=\"h-row justify-content-lg-center justify-content-md-center justify-content-center align-items-lg-stretch align-items-md-stretch align-items-stretch gutters-col-lg-2 gutters-col-md-2 gutters-col-0 gutters-col-v-lg-2 gutters-col-v-md-2 gutters-col-v-2\">\n          <!---->\n          <div class=\"h-column h-column-container d-flex h-col-lg-auto h-col-md-auto h-col-auto style-382-outer style-local-77-c4-outer\">\n            <div data-colibri-id=\"77-c4\" class=\"d-flex h-flex-basis h-column__inner h-px-lg-2 h-px-md-2 h-px-2 v-inner-lg-2 v-inner-md-2 v-inner-2 style-382 style-local-77-c4 position-relative\">\n              <!---->\n              <!---->\n              <div class=\"w-100 h-y-container h-column__content h-column__v-align flex-basis-100 align-self-lg-start align-self-md-start align-self-start\">\n                <!---->\n                <div data-colibri-id=\"77-c10\" class=\"style-868 style-local-77-c10 position-relative h-element\">\n                  <!---->\n                <\/div>\n                <div data-colibri-id=\"77-c9\" class=\"h-global-transition-all h-heading style-867 style-local-77-c9 position-relative h-element\">\n                  <!---->\n                  <div class=\"h-heading__outer style-867 style-local-77-c9\">\n                    <!---->\n                    <!---->\n                    <h1 class=\"\">F\u00fcr Einzelpersonen<\/h1>\n                  <\/div>\n                <\/div>\n              <\/div>\n            <\/div>\n          <\/div>\n        <\/div>\n      <\/div>\n      <div data-colibri-id=\"77-c5\" class=\"h-row-container gutters-row-lg-2 gutters-row-md-2 gutters-row-0 gutters-row-v-lg-2 gutters-row-v-md-2 gutters-row-v-2 style-383 style-local-77-c5 position-relative\">\n        <!---->\n        <div class=\"h-row justify-content-lg-center justify-content-md-center justify-content-center align-items-lg-stretch align-items-md-stretch align-items-stretch gutters-col-lg-2 gutters-col-md-2 gutters-col-0 gutters-col-v-lg-2 gutters-col-v-md-2 gutters-col-v-2\">\n          <!---->\n          <div class=\"h-column h-column-container d-flex h-col-lg-auto h-col-md-auto h-col-auto style-384-outer style-local-77-c6-outer\">\n            <div data-colibri-id=\"77-c6\" class=\"d-flex h-flex-basis h-column__inner h-px-lg-2 h-px-md-2 h-px-2 v-inner-lg-2 v-inner-md-2 v-inner-2 style-384 style-local-77-c6 position-relative\">\n              <!---->\n              <!---->\n              <div class=\"w-100 h-y-container h-column__content h-column__v-align flex-basis-100 align-self-lg-start align-self-md-start align-self-start\">\n                <!---->\n                <div data-colibri-id=\"77-c14\" class=\"h-multiple-image style-872 style-local-77-c14 position-relative h-element\">\n                  <!---->\n                  <div class=\"position-relative\">\n                    <div class=\"h-multiple-image-inside-container\">\n                      <div class=\"ratio-inner\">\n                        <div data-colibri-id=\"77-c15\" class=\"d-block style-873 style-local-77-c15 position-relative h-element\">\n                          <!---->\n                          <div class=\"h-image__frame-container-outer\">\n                            <div class=\"h-image__frame-container\">\n                              <!---->\n                              <!---->\n                              <img loading=\"lazy\" decoding=\"async\" width=\"2560\" height=\"1707\" src=\"https:\/\/test.ess-balance.de\/wp-content\/uploads\/2026\/03\/iStock-947334366_walnussherz-scaled.jpg\" class=\"style-872-images style-local-77-c14-images wp-image-522 style-873-image style-local-77-c15-image\" alt=\"\" srcset=\"https:\/\/test.ess-balance.de\/wp-content\/uploads\/2026\/03\/iStock-947334366_walnussherz-scaled.jpg 2560w, https:\/\/test.ess-balance.de\/wp-content\/uploads\/2026\/03\/iStock-947334366_walnussherz-300x200.jpg 300w, https:\/\/test.ess-balance.de\/wp-content\/uploads\/2026\/03\/iStock-947334366_walnussherz-1024x683.jpg 1024w, https:\/\/test.ess-balance.de\/wp-content\/uploads\/2026\/03\/iStock-947334366_walnussherz-768x512.jpg 768w, https:\/\/test.ess-balance.de\/wp-content\/uploads\/2026\/03\/iStock-947334366_walnussherz-1536x1024.jpg 1536w, https:\/\/test.ess-balance.de\/wp-content\/uploads\/2026\/03\/iStock-947334366_walnussherz-2048x1365.jpg 2048w\" sizes=\"auto, (max-width: 2560px) 100vw, 2560px\" \/>\n                              <div class=\"h-image__frame h-hide-lg h-hide-md h-hide-sm style-873-frameImage style-local-77-c15-frameImage\"><\/div>\n                            <\/div>\n                          <\/div>\n                        <\/div>\n                        <div data-colibri-id=\"77-c16\" class=\"d-block style-874 style-local-77-c16 position-relative h-element\">\n                          <!---->\n                          <div class=\"h-image__frame-container-outer\">\n                            <div class=\"h-image__frame-container\">\n                              <!---->\n                              <!---->\n                              <img loading=\"lazy\" decoding=\"async\" width=\"1023\" height=\"682\" src=\"https:\/\/test.ess-balance.de\/wp-content\/uploads\/2026\/03\/cropped-istockphoto-2209914976-1024x1024-1.jpg\" class=\"style-872-images style-local-77-c14-images wp-image-720 style-874-image style-local-77-c16-image\" alt=\"\" srcset=\"https:\/\/test.ess-balance.de\/wp-content\/uploads\/2026\/03\/cropped-istockphoto-2209914976-1024x1024-1.jpg 1023w, https:\/\/test.ess-balance.de\/wp-content\/uploads\/2026\/03\/cropped-istockphoto-2209914976-1024x1024-1-300x200.jpg 300w, https:\/\/test.ess-balance.de\/wp-content\/uploads\/2026\/03\/cropped-istockphoto-2209914976-1024x1024-1-768x512.jpg 768w\" sizes=\"auto, (max-width: 1023px) 100vw, 1023px\" \/>\n                              <div class=\"h-image__frame h-hide-lg h-hide-md h-hide-sm style-874-frameImage style-local-77-c16-frameImage\"><\/div>\n                            <\/div>\n                          <\/div>\n                        <\/div>\n                        <div data-colibri-id=\"77-c17\" class=\"d-block style-875 style-local-77-c17 position-relative h-element\">\n                          <!---->\n                          <div class=\"h-image__frame-container-outer\">\n                            <div class=\"h-image__frame-container\">\n                              <!---->\n                              <!---->\n                              <img loading=\"lazy\" decoding=\"async\" width=\"1920\" height=\"1255\" src=\"https:\/\/test.ess-balance.de\/wp-content\/uploads\/2026\/03\/essbalance_essenmachtfreude.jpg\" class=\"style-872-images style-local-77-c14-images wp-image-377 style-875-image style-local-77-c17-image\" alt=\"\" srcset=\"https:\/\/test.ess-balance.de\/wp-content\/uploads\/2026\/03\/essbalance_essenmachtfreude.jpg 1920w, https:\/\/test.ess-balance.de\/wp-content\/uploads\/2026\/03\/essbalance_essenmachtfreude-300x196.jpg 300w, https:\/\/test.ess-balance.de\/wp-content\/uploads\/2026\/03\/essbalance_essenmachtfreude-1024x669.jpg 1024w, https:\/\/test.ess-balance.de\/wp-content\/uploads\/2026\/03\/essbalance_essenmachtfreude-768x502.jpg 768w, https:\/\/test.ess-balance.de\/wp-content\/uploads\/2026\/03\/essbalance_essenmachtfreude-1536x1004.jpg 1536w\" sizes=\"auto, (max-width: 1920px) 100vw, 1920px\" \/>\n                              <div class=\"h-image__frame h-hide-lg h-hide-md h-hide-sm style-875-frameImage style-local-77-c17-frameImage\"><\/div>\n                            <\/div>\n                          <\/div>\n                        <\/div>\n                      <\/div>\n                    <\/div>\n                  <\/div>\n                <\/div>\n              <\/div>\n            <\/div>\n          <\/div>\n        <\/div>\n      <\/div>\n      <div data-colibri-id=\"77-c11\" class=\"h-row-container gutters-row-lg-2 gutters-row-md-2 gutters-row-0 gutters-row-v-lg-2 gutters-row-v-md-2 gutters-row-v-2 style-869 style-local-77-c11 position-relative\">\n        <!---->\n        <div class=\"h-row justify-content-lg-center justify-content-md-center justify-content-center align-items-lg-stretch align-items-md-stretch align-items-stretch gutters-col-lg-2 gutters-col-md-2 gutters-col-0 gutters-col-v-lg-2 gutters-col-v-md-2 gutters-col-v-2\">\n          <!---->\n          <div class=\"h-column h-column-container d-flex h-col-lg-auto h-col-md-auto h-col-auto style-870-outer style-local-77-c12-outer\">\n            <div data-colibri-id=\"77-c12\" class=\"d-flex h-flex-basis h-column__inner h-px-lg-2 h-px-md-2 h-px-2 v-inner-lg-2 v-inner-md-2 v-inner-2 style-870 style-local-77-c12 position-relative\">\n              <!---->\n              <!---->\n              <div class=\"w-100 h-y-container h-column__content h-column__v-align flex-basis-100 align-self-lg-start align-self-md-start align-self-start\">\n                <!---->\n                <div data-colibri-id=\"77-c13\" class=\"style-871 style-local-77-c13 position-relative h-element\">\n                  <!---->\n                <\/div>\n                <div data-colibri-id=\"77-c18\" class=\"h-text h-text-component style-876 style-local-77-c18 position-relative h-element\">\n                  <!---->\n                  <!---->\n                  <div class=\"\">\n                    <p>Pers\u00f6nliche Betreuung &amp; Unterst\u00fctzung\n                      <br>F\u00fcr Neugierige \/ Mutige mit Biss<\/p>\n                    <p>\n                      <br>\n                    <\/p>\n                    <p>&#8211;&gt; Ohne Rezept (preventive Ern\u00e4hrungsberatung) &#8211; 3x 60 min<\/p>\n                    <p>&#8211;&gt; Mit Rezept (mit \u00e4rztlicher Verordnung)&nbsp;z. B. beim Abnehmen, beim Vorbeugen und beim Verbessern von ern\u00e4hrungsbedingten Erkrankungen.<\/p>\n                    <p>\n                      <br>\n                    <\/p>\n                    <p>gesundheitsgerechte Ern\u00e4hrung\n                      <br>Bluthochdruck\n                      <br>Diabetes mellitus\n                      <br>Erh\u00f6hter Cholesterinspiegel\n                      <br>Erh\u00f6hte Harns\u00e4ure\n                      <br>Reizdarmsyndrom\n                      <br>Rheuma\n                      <br>Magen Darm Erkrankungen\n                      <br>Osteoporose\n                      <br>Laktoseintoleranz\n                      <br>Fruktosemalabsorption<\/p>\n                    <p>Voraussetzung zur Kostenerstattung durch die Krankenkasse ist das Vorliegen einer \u00e4rztlichen Bescheinigung (das hei\u00dft Rezept).<\/p>\n                    <p>\n                      <br>\n                    <\/p>\n                    <p>+++ plus link pdf angepasst<\/p>\n                  <\/div>\n                <\/div>\n              <\/div>\n            <\/div>\n          <\/div>\n        <\/div>\n      <\/div>\n    <\/div>\n  <\/div>\n<\/div>","protected":false},"excerpt":{"rendered":"<p>F\u00fcr Einzelpersonen Pers\u00f6nliche Betreuung &amp; Unterst\u00fctzung F\u00fcr Neugierige \/ Mutige mit Biss &#8211;&gt; [&hellip;]<\/p>\n","protected":false},"author":1,"featured_media":0,"parent":0,"menu_order":0,"comment_status":"closed","ping_status":"closed","template":"page-templates\/full-width-page.php","meta":{"footnotes":""},"class_list":["post-77","page","type-page","status-publish","hentry"],"yoast_head":"<!-- This site is optimized with the Yoast SEO plugin v27.3 - https:\/\/yoast.com\/product\/yoast-seo-wordpress\/ -->\n<title>Einzelpersonen - Ess-Balance - Kathleen Dippel<\/title>\n<meta name=\"robots\" content=\"index, follow, max-snippet:-1, max-image-preview:large, max-video-preview:-1\" \/>\n<link rel=\"canonical\" href=\"https:\/\/test.ess-balance.de\/?page_id=77\" \/>\n<meta property=\"og:locale\" content=\"de_DE\" \/>\n<meta property=\"og:type\" content=\"article\" \/>\n<meta property=\"og:title\" content=\"Einzelpersonen - Ess-Balance - Kathleen Dippel\" \/>\n<meta property=\"og:description\" content=\"F\u00fcr Einzelpersonen Pers\u00f6nliche Betreuung &amp; Unterst\u00fctzung F\u00fcr Neugierige \/ Mutige mit Biss &#8211;&gt; [&hellip;]\" \/>\n<meta property=\"og:url\" content=\"https:\/\/test.ess-balance.de\/?page_id=77\" \/>\n<meta property=\"og:site_name\" content=\"Ess-Balance - Kathleen Dippel\" \/>\n<meta property=\"article:modified_time\" content=\"2026-03-31T21:40:08+00:00\" \/>\n<meta property=\"og:image\" content=\"https:\/\/test.ess-balance.de\/wp-content\/uploads\/2026\/03\/iStock-947334366_walnussherz-scaled.jpg\" \/>\n\t<meta property=\"og:image:width\" content=\"2560\" \/>\n\t<meta property=\"og:image:height\" content=\"1707\" \/>\n\t<meta property=\"og:image:type\" content=\"image\/jpeg\" \/>\n<meta name=\"twitter:card\" content=\"summary_large_image\" \/>\n<script type=\"application\/ld+json\" class=\"yoast-schema-graph\">{\"@context\":\"https:\\\/\\\/schema.org\",\"@graph\":[{\"@type\":\"WebPage\",\"@id\":\"https:\\\/\\\/test.ess-balance.de\\\/?page_id=77\",\"url\":\"https:\\\/\\\/test.ess-balance.de\\\/?page_id=77\",\"name\":\"Einzelpersonen - Ess-Balance - Kathleen Dippel\",\"isPartOf\":{\"@id\":\"https:\\\/\\\/test.ess-balance.de\\\/#website\"},\"primaryImageOfPage\":{\"@id\":\"https:\\\/\\\/test.ess-balance.de\\\/?page_id=77#primaryimage\"},\"image\":{\"@id\":\"https:\\\/\\\/test.ess-balance.de\\\/?page_id=77#primaryimage\"},\"thumbnailUrl\":\"https:\\\/\\\/test.ess-balance.de\\\/wp-content\\\/uploads\\\/2026\\\/03\\\/iStock-947334366_walnussherz-scaled.jpg\",\"datePublished\":\"2025-12-11T17:48:08+00:00\",\"dateModified\":\"2026-03-31T21:40:08+00:00\",\"breadcrumb\":{\"@id\":\"https:\\\/\\\/test.ess-balance.de\\\/?page_id=77#breadcrumb\"},\"inLanguage\":\"de\",\"potentialAction\":[{\"@type\":\"ReadAction\",\"target\":[\"https:\\\/\\\/test.ess-balance.de\\\/?page_id=77\"]}]},{\"@type\":\"ImageObject\",\"inLanguage\":\"de\",\"@id\":\"https:\\\/\\\/test.ess-balance.de\\\/?page_id=77#primaryimage\",\"url\":\"https:\\\/\\\/test.ess-balance.de\\\/wp-content\\\/uploads\\\/2026\\\/03\\\/iStock-947334366_walnussherz-scaled.jpg\",\"contentUrl\":\"https:\\\/\\\/test.ess-balance.de\\\/wp-content\\\/uploads\\\/2026\\\/03\\\/iStock-947334366_walnussherz-scaled.jpg\",\"width\":2560,\"height\":1707,\"caption\":\"Walnut is good for your heart and brain\"},{\"@type\":\"BreadcrumbList\",\"@id\":\"https:\\\/\\\/test.ess-balance.de\\\/?page_id=77#breadcrumb\",\"itemListElement\":[{\"@type\":\"ListItem\",\"position\":1,\"name\":\"Startseite\",\"item\":\"https:\\\/\\\/test.ess-balance.de\\\/\"},{\"@type\":\"ListItem\",\"position\":2,\"name\":\"Einzelpersonen\"}]},{\"@type\":\"WebSite\",\"@id\":\"https:\\\/\\\/test.ess-balance.de\\\/#website\",\"url\":\"https:\\\/\\\/test.ess-balance.de\\\/\",\"name\":\"Ess-Balance - Kathleen Dippel\",\"description\":\"\",\"publisher\":{\"@id\":\"https:\\\/\\\/test.ess-balance.de\\\/#organization\"},\"potentialAction\":[{\"@type\":\"SearchAction\",\"target\":{\"@type\":\"EntryPoint\",\"urlTemplate\":\"https:\\\/\\\/test.ess-balance.de\\\/?s={search_term_string}\"},\"query-input\":{\"@type\":\"PropertyValueSpecification\",\"valueRequired\":true,\"valueName\":\"search_term_string\"}}],\"inLanguage\":\"de\"},{\"@type\":\"Organization\",\"@id\":\"https:\\\/\\\/test.ess-balance.de\\\/#organization\",\"name\":\"Ess-Balance - Kathleen Dippel\",\"url\":\"https:\\\/\\\/test.ess-balance.de\\\/\",\"logo\":{\"@type\":\"ImageObject\",\"inLanguage\":\"de\",\"@id\":\"https:\\\/\\\/test.ess-balance.de\\\/#\\\/schema\\\/logo\\\/image\\\/\",\"url\":\"https:\\\/\\\/test.ess-balance.de\\\/wp-content\\\/uploads\\\/2026\\\/02\\\/cropped-dippel-kathleen_logo-1.png\",\"contentUrl\":\"https:\\\/\\\/test.ess-balance.de\\\/wp-content\\\/uploads\\\/2026\\\/02\\\/cropped-dippel-kathleen_logo-1.png\",\"width\":312,\"height\":85,\"caption\":\"Ess-Balance - Kathleen Dippel\"},\"image\":{\"@id\":\"https:\\\/\\\/test.ess-balance.de\\\/#\\\/schema\\\/logo\\\/image\\\/\"}}]}<\/script>\n<!-- \/ Yoast SEO plugin. -->","yoast_head_json":{"title":"Einzelpersonen - Ess-Balance - Kathleen Dippel","robots":{"index":"index","follow":"follow","max-snippet":"max-snippet:-1","max-image-preview":"max-image-preview:large","max-video-preview":"max-video-preview:-1"},"canonical":"https:\/\/test.ess-balance.de\/?page_id=77","og_locale":"de_DE","og_type":"article","og_title":"Einzelpersonen - Ess-Balance - Kathleen Dippel","og_description":"F\u00fcr Einzelpersonen Pers\u00f6nliche Betreuung &amp; Unterst\u00fctzung F\u00fcr Neugierige \/ Mutige mit Biss &#8211;&gt; [&hellip;]","og_url":"https:\/\/test.ess-balance.de\/?page_id=77","og_site_name":"Ess-Balance - Kathleen Dippel","article_modified_time":"2026-03-31T21:40:08+00:00","og_image":[{"width":2560,"height":1707,"url":"https:\/\/test.ess-balance.de\/wp-content\/uploads\/2026\/03\/iStock-947334366_walnussherz-scaled.jpg","type":"image\/jpeg"}],"twitter_card":"summary_large_image","schema":{"@context":"https:\/\/schema.org","@graph":[{"@type":"WebPage","@id":"https:\/\/test.ess-balance.de\/?page_id=77","url":"https:\/\/test.ess-balance.de\/?page_id=77","name":"Einzelpersonen - Ess-Balance - Kathleen Dippel","isPartOf":{"@id":"https:\/\/test.ess-balance.de\/#website"},"primaryImageOfPage":{"@id":"https:\/\/test.ess-balance.de\/?page_id=77#primaryimage"},"image":{"@id":"https:\/\/test.ess-balance.de\/?page_id=77#primaryimage"},"thumbnailUrl":"https:\/\/test.ess-balance.de\/wp-content\/uploads\/2026\/03\/iStock-947334366_walnussherz-scaled.jpg","datePublished":"2025-12-11T17:48:08+00:00","dateModified":"2026-03-31T21:40:08+00:00","breadcrumb":{"@id":"https:\/\/test.ess-balance.de\/?page_id=77#breadcrumb"},"inLanguage":"de","potentialAction":[{"@type":"ReadAction","target":["https:\/\/test.ess-balance.de\/?page_id=77"]}]},{"@type":"ImageObject","inLanguage":"de","@id":"https:\/\/test.ess-balance.de\/?page_id=77#primaryimage","url":"https:\/\/test.ess-balance.de\/wp-content\/uploads\/2026\/03\/iStock-947334366_walnussherz-scaled.jpg","contentUrl":"https:\/\/test.ess-balance.de\/wp-content\/uploads\/2026\/03\/iStock-947334366_walnussherz-scaled.jpg","width":2560,"height":1707,"caption":"Walnut is good for your heart and brain"},{"@type":"BreadcrumbList","@id":"https:\/\/test.ess-balance.de\/?page_id=77#breadcrumb","itemListElement":[{"@type":"ListItem","position":1,"name":"Startseite","item":"https:\/\/test.ess-balance.de\/"},{"@type":"ListItem","position":2,"name":"Einzelpersonen"}]},{"@type":"WebSite","@id":"https:\/\/test.ess-balance.de\/#website","url":"https:\/\/test.ess-balance.de\/","name":"Ess-Balance - Kathleen Dippel","description":"","publisher":{"@id":"https:\/\/test.ess-balance.de\/#organization"},"potentialAction":[{"@type":"SearchAction","target":{"@type":"EntryPoint","urlTemplate":"https:\/\/test.ess-balance.de\/?s={search_term_string}"},"query-input":{"@type":"PropertyValueSpecification","valueRequired":true,"valueName":"search_term_string"}}],"inLanguage":"de"},{"@type":"Organization","@id":"https:\/\/test.ess-balance.de\/#organization","name":"Ess-Balance - Kathleen Dippel","url":"https:\/\/test.ess-balance.de\/","logo":{"@type":"ImageObject","inLanguage":"de","@id":"https:\/\/test.ess-balance.de\/#\/schema\/logo\/image\/","url":"https:\/\/test.ess-balance.de\/wp-content\/uploads\/2026\/02\/cropped-dippel-kathleen_logo-1.png","contentUrl":"https:\/\/test.ess-balance.de\/wp-content\/uploads\/2026\/02\/cropped-dippel-kathleen_logo-1.png","width":312,"height":85,"caption":"Ess-Balance - Kathleen Dippel"},"image":{"@id":"https:\/\/test.ess-balance.de\/#\/schema\/logo\/image\/"}}]}},"_links":{"self":[{"href":"https:\/\/test.ess-balance.de\/index.php?rest_route=\/wp\/v2\/pages\/77","targetHints":{"allow":["GET"]}}],"collection":[{"href":"https:\/\/test.ess-balance.de\/index.php?rest_route=\/wp\/v2\/pages"}],"about":[{"href":"https:\/\/test.ess-balance.de\/index.php?rest_route=\/wp\/v2\/types\/page"}],"author":[{"embeddable":true,"href":"https:\/\/test.ess-balance.de\/index.php?rest_route=\/wp\/v2\/users\/1"}],"replies":[{"embeddable":true,"href":"https:\/\/test.ess-balance.de\/index.php?rest_route=%2Fwp%2Fv2%2Fcomments&post=77"}],"version-history":[{"count":6,"href":"https:\/\/test.ess-balance.de\/index.php?rest_route=\/wp\/v2\/pages\/77\/revisions"}],"predecessor-version":[{"id":729,"href":"https:\/\/test.ess-balance.de\/index.php?rest_route=\/wp\/v2\/pages\/77\/revisions\/729"}],"wp:attachment":[{"href":"https:\/\/test.ess-balance.de\/index.php?rest_route=%2Fwp%2Fv2%2Fmedia&parent=77"}],"curies":[{"name":"wp","href":"https:\/\/api.w.org\/{rel}","templated":true}]}}